{"id":707,"date":"2025-05-07T17:07:20","date_gmt":"2025-05-07T16:07:20","guid":{"rendered":"https:\/\/pharma.ivy.productions\/profissional\/?page_id=707"},"modified":"2025-05-07T18:02:30","modified_gmt":"2025-05-07T17:02:30","slug":"registo","status":"publish","type":"page","link":"https:\/\/pharma.ivy.productions\/profissional\/registo\/","title":{"rendered":"Registo"},"content":{"rendered":"\t\t<div data-elementor-type=\"wp-page\" data-elementor-id=\"707\" class=\"elementor elementor-707\" data-elementor-post-type=\"page\">\n\t\t\t\t<div class=\"elementor-element elementor-element-5f8ec61 e-flex e-con-boxed e-con e-parent\" data-id=\"5f8ec61\" data-element_type=\"container\">\n\t\t\t\t\t<div class=\"e-con-inner\">\n\t\t\t\t<div class=\"elementor-element elementor-element-d6a9ec4 elementor-widget elementor-widget-shortcode\" data-id=\"d6a9ec4\" data-element_type=\"widget\" data-widget_type=\"shortcode.default\">\n\t\t\t\t<div class=\"elementor-widget-container\">\n\t\t\t\t\t\t\t<div class=\"elementor-shortcode\">    <form method=\"post\" class=\"form-register\">\n        <div class=\"form-register-group\">\n            <div class=\"form-title\">\n                <h2>Criar conta<\/h2>\n                <p>Registo de Novo profissional de Sa\u00fade.<\/p>\n            <\/div>\n            <div class=\"form-fields\" style=\"display: flex; flex-wrap: wrap; gap: 20px;\">\n                <div style=\"flex: 1; min-width: 300px;\">\n                    <input type=\"text\" name=\"full_name\" placeholder=\"Nome Completo*\" required style=\"width: 100%;\">\n                    <input type=\"text\" name=\"birth_date\" placeholder=\"Data de Nascimento*\" required style=\"width: 100%;\">\n                    <input type=\"text\" name=\"nationality\" placeholder=\"Nacionalidade*\" required style=\"width: 100%;\">\n                    <input type=\"text\" name=\"nif\" placeholder=\"NIF*\" required style=\"width: 100%;\">\n                    <input type=\"email\" name=\"email\" placeholder=\"Email*\" required style=\"width: 100%;\">\n                    <input type=\"password\" name=\"password\" placeholder=\"Senha*\" required style=\"width: 100%;\">\n                    <input type=\"text\" name=\"cedula\" placeholder=\"N\u00ba de C\u00e9dula Profissional*\" required style=\"width: 100%;\">\n                <\/div>\n                <div style=\"flex: 1; min-width: 300px;\">\n                    <input type=\"text\" name=\"address\" placeholder=\"Morada*\" required style=\"width: 100%;\">\n                    <input type=\"text\" name=\"postal_code\" placeholder=\"C\u00f3digo Postal*\" required style=\"width: 100%;\">\n                    <input type=\"text\" name=\"city\" placeholder=\"Localidade*\" required style=\"width: 100%;\">\n                    <input type=\"text\" name=\"country\" placeholder=\"Pa\u00eds*\" required style=\"width: 100%;\">\n                    <input type=\"text\" name=\"phone\" placeholder=\"Telefone*\" required style=\"width: 100%;\">\n                    <input type=\"text\" name=\"area\" placeholder=\"\u00c1rea de Forma\u00e7\u00e3o \/ Especialidade*\" required style=\"width: 100%;\">\n                <\/div>\n            <\/div>\n        <\/div>\n        <div class=\"form-terms\">\n            <p>O registo fica pendente de avalia\u00e7\u00e3o. Ap\u00f3s aprova\u00e7\u00e3o, ser\u00e1 enviada a confirma\u00e7\u00e3o para o seu e-mail. Fique atento \u00e0 sua caixa de entrada!<\/p>\n            <p><label><input type=\"checkbox\" name=\"accept_terms\" value=\"1\" required> <\/label><span>Li e aceito os presentes termos e condi\u00e7\u00f5es, bem como a pol\u00edtica de privacidade, dispon\u00edvel para consulta em https:\/\/www.2mpharma.pt\/politica-de-privacidade\/, dando o meu consentimento expresso para que a 2M Pharma conserve e trate os dados pessoais de que sou titular, com o intuito de me enviar informa\u00e7\u00f5es por email sobre mat\u00e9rias t\u00e9cnicas e comerciais bem com convites para participar e a\u00e7\u00f5es de forma\u00e7\u00e3o ou semin\u00e1rios t\u00e9cnicos, sobre as marcas representadas. Assiste-me o direito a requerer a anula\u00e7\u00e3o do consentimento enviando email com assunto \"Anula\u00e7\u00e3o de consentimento\" para o respons\u00e1vel de tratamento de dados pessoais cujo endere\u00e7o \u00e9 2mpharma@2mpharma.pt<\/span><\/p>\n            <p><label><input type=\"checkbox\" name=\"declare_professional\" value=\"1\" required> <\/label><span>Declaro que sou um profissional de sa\u00fade e compreendp que todos os servi\u00e7os e informa\u00e7\u00f5es disponibilizados na \u00e1rea reservada deste site t\u00eam como objectivo apoiar a minha an\u00e1lise profissional, permitindo-me tirar as minhas pr\u00f3prias conclus\u00f5es e tomar decis\u00f5es de forma independente.<\/p>\n        <\/div>\n        <input type=\"submit\" name=\"custom_user_registration\" value=\"Criar\">\n    <\/form>\n    <\/div>\n\t\t\t\t\t\t<\/div>\n\t\t\t\t<\/div>\n\t\t\t\t\t<\/div>\n\t\t\t\t<\/div>\n\t\t\t\t<\/div>\n\t\t","protected":false},"excerpt":{"rendered":"","protected":false},"author":1,"featured_media":0,"parent":0,"menu_order":0,"comment_status":"closed","ping_status":"closed","template":"","meta":{"footnotes":""},"class_list":["post-707","page","type-page","status-publish","hentry"],"_links":{"self":[{"href":"https:\/\/pharma.ivy.productions\/profissional\/wp-json\/wp\/v2\/pages\/707","targetHints":{"allow":["GET"]}}],"collection":[{"href":"https:\/\/pharma.ivy.productions\/profissional\/wp-json\/wp\/v2\/pages"}],"about":[{"href":"https:\/\/pharma.ivy.productions\/profissional\/wp-json\/wp\/v2\/types\/page"}],"author":[{"embeddable":true,"href":"https:\/\/pharma.ivy.productions\/profissional\/wp-json\/wp\/v2\/users\/1"}],"replies":[{"embeddable":true,"href":"https:\/\/pharma.ivy.productions\/profissional\/wp-json\/wp\/v2\/comments?post=707"}],"version-history":[{"count":7,"href":"https:\/\/pharma.ivy.productions\/profissional\/wp-json\/wp\/v2\/pages\/707\/revisions"}],"predecessor-version":[{"id":715,"href":"https:\/\/pharma.ivy.productions\/profissional\/wp-json\/wp\/v2\/pages\/707\/revisions\/715"}],"wp:attachment":[{"href":"https:\/\/pharma.ivy.productions\/profissional\/wp-json\/wp\/v2\/media?parent=707"}],"curies":[{"name":"wp","href":"https:\/\/api.w.org\/{rel}","templated":true}]}}